{"id":7424,"date":"2021-08-25T16:13:05","date_gmt":"2021-08-25T16:13:05","guid":{"rendered":"https:\/\/learning.org.tr\/en\/?page_id=7424"},"modified":"2024-05-17T09:56:50","modified_gmt":"2024-05-17T09:56:50","slug":"partnership","status":"publish","type":"page","link":"https:\/\/learning.org.tr\/en\/partnership\/","title":{"rendered":"PARTNERSHIP"},"content":{"rendered":"<p>[vc_row css=&#8221;.vc_custom_1629637560672{margin-bottom: 8vh !important;}&#8221; mobile_bg_img_hidden=&#8221;no&#8221; tablet_bg_img_hidden=&#8221;no&#8221; woodmart_parallax=&#8221;0&#8243; woodmart_gradient_switch=&#8221;no&#8221; row_reverse_mobile=&#8221;0&#8243; row_reverse_tablet=&#8221;0&#8243; woodmart_disable_overflow=&#8221;0&#8243;][vc_column offset=&#8221;vc_col-lg-offset-2 vc_col-lg-8 vc_col-md-offset-2 vc_col-md-8 vc_col-sm-offset-0&#8243; mobile_bg_img_hidden=&#8221;no&#8221; tablet_bg_img_hidden=&#8221;no&#8221; woodmart_parallax=&#8221;0&#8243; woodmart_sticky_column=&#8221;false&#8221; parallax_scroll=&#8221;no&#8221; mobile_reset_margin=&#8221;no&#8221; tablet_reset_margin=&#8221;no&#8221; css=&#8221;.vc_custom_1629637674707{margin-top: 100px !important;}&#8221;]\t\t\n\t\t<div id=\"wd-6122536d3fa6e\" class=\"title-wrapper wd-wpb set-mb-s reset-last-child  wd-title-color-default wd-title-style-default wd-width-100 text-left \">\n\t\t\t\n\t\t\t<div class=\"liner-continer\">\n\t\t\t\t<h4 class=\"woodmart-title-container title  wd-font-weight- wd-fontsize-xxxl\" >PARTNERSHIP<\/h4>\n\t\t\t\t\t\t\t<\/div>\n\t\t\t\n\t\t\t\n\t\t\t\t\t<\/div>\n\t\t\n\t\t\t\t\t<div id=\"wd-612255245ca7d\" class=\"wd-text-block-wrapper wd-wpb color-scheme-custom wd-width-100 text-left vc_custom_1629639986557\">\n\t\t\t\t<div class=\"woodmart-title-container woodmart-text-block reset-last-child font-primary wd-font-weight-300 \">\n\t\t\t\t\tDear colleagues,<\/p>\n<p>We, as a <strong>\u00d6\u011frenme Derne\u011fi\u00a0(Learning Association)<\/strong>, are open for your any kind of Erasmus+ Partnership proposal.<br \/>\nPlease contact us via\u00a0<strong><a href=\"mailto:ogrenmedernegi@gmail.com\">ogrenmedernegi@gmail.com<\/a><\/strong>\t\t\t\t<\/div>\n\t\t\t\t\t\t\t<\/div>\n\t\t[vc_row_inner][vc_column_inner css=&#8221;.vc_custom_1494857398526{padding-top: 0px !important;}&#8221;][vc_column_text css=&#8221;.vc_custom_1629639588958{margin-bottom: 20px !important;}&#8221; woodmart_inline=&#8221;no&#8221; text_larger=&#8221;no&#8221;]<\/p>\n<table>\n<tbody>\n<tr>\n<td colspan=\"2\" width=\"604\"><strong>PARTNER ORGANISATION DETAILS<\/strong><\/td>\n<\/tr>\n<tr>\n<td width=\"198\"><strong>Erasmus+ PIC Number<\/strong><\/td>\n<td width=\"406\">896856666<\/td>\n<\/tr>\n<tr>\n<td width=\"198\"><strong>Organization ID Number (OID)<\/strong><\/td>\n<td width=\"406\">E10227644<\/td>\n<\/tr>\n<tr>\n<td width=\"198\"><strong>Legal name<\/strong><\/td>\n<td width=\"406\">Ogrenme Dernegi<\/td>\n<\/tr>\n<tr>\n<td width=\"198\"><strong>Business name<\/strong><\/td>\n<td width=\"406\">Learning Association<\/td>\n<\/tr>\n<tr>\n<td width=\"198\"><strong>Department (if applicable)<\/strong><\/td>\n<td width=\"406\"><\/td>\n<\/tr>\n<tr>\n<td width=\"198\"><strong>Acronym<\/strong><\/td>\n<td width=\"406\">OGRORGTR<\/td>\n<\/tr>\n<tr>\n<td width=\"198\"><strong>Email<\/strong><\/td>\n<td width=\"406\">ogrenmedernegi@gmail.com<\/td>\n<\/tr>\n<\/tbody>\n<\/table>\n<p>[\/vc_column_text][\/vc_column_inner][\/vc_row_inner][vc_separator color=&#8221;custom&#8221; accent_color=&#8221;rgba(10,10,10,0.12)&#8221; css=&#8221;.vc_custom_1499600318751{margin-bottom: 30px !important;padding-top: 10px !important;}&#8221;][vc_row_inner content_placement=&#8221;middle&#8221; css=&#8221;.vc_custom_1499600064550{padding-top: 0px !important;}&#8221;][vc_column_inner css=&#8221;.vc_custom_1499599961071{margin-bottom: 20px !important;padding-top: 0px !important;}&#8221;][vc_column_text css=&#8221;.vc_custom_1715939810636{margin-bottom: 0px !important;}&#8221; woodmart_inline=&#8221;no&#8221; text_larger=&#8221;no&#8221;][\/vc_column_text][\/vc_column_inner][\/vc_row_inner][\/vc_column][\/vc_row][vc_row css_animation=&#8221;none&#8221; images=&#8221;2587,2588,2589,2590,2591,2592,2593,2594&#8243; view=&#8221;carousel&#8221; spacing=&#8221;2&#8243; speed=&#8221;1000&#8243; on_click=&#8221;none&#8221; slides_per_view=&#8221;8&#8243; autoplay=&#8221;yes&#8221; hide_pagination_control=&#8221;yes&#8221; hide_prev_next_buttons=&#8221;no&#8221; wrap=&#8221;yes&#8221; center_mode=&#8221;yes&#8221; lazy_loading=&#8221;no&#8221; scroll_carousel_init=&#8221;no&#8221; img_size=&#8221;150&#215;150&#8243; images_divider=&#8221;&#8221; layout_divider=&#8221;&#8221; columns=&#8221;3&#8243; carousel_divider=&#8221;&#8221; click_divider=&#8221;&#8221; target_blank=&#8221;0&#8243; caption=&#8221;0&#8243; custom_links=&#8221;&#8221; extra_divider=&#8221;&#8221; css=&#8221;.vc_custom_1629637763296{margin-top: -20px !important;margin-bottom: -30px !important;border-top-width: -20px !important;border-bottom-width: -30px !important;padding-top: -20px !important;padding-bottom: -30px !important;background-color: #ebddd9 !important;}&#8221; mobile_bg_img_hidden=&#8221;no&#8221; woodmart_parallax=&#8221;0&#8243; woodmart_gradient_switch=&#8221;no&#8221; row_reverse_mobile=&#8221;0&#8243; row_reverse_tablet=&#8221;0&#8243; woodmart_disable_overflow=&#8221;0&#8243; tablet_bg_img_hidden=&#8221;no&#8221;][vc_column css=&#8221;.vc_custom_1578298594135{margin-top: -20px !important;margin-bottom: -40px !important;border-top-width: -20px !important;border-bottom-width: -40px !important;padding-top: -20px !important;padding-bottom: -40px !important;}&#8221; mobile_bg_img_hidden=&#8221;no&#8221; woodmart_parallax=&#8221;0&#8243; woodmart_sticky_column=&#8221;false&#8221; parallax_scroll=&#8221;no&#8221; mobile_reset_margin=&#8221;no&#8221; tablet_reset_margin=&#8221;no&#8221;]\t\t<div id=\"gallery_951\" class=\"wd-images-gallery wd-justify-center wd-items-middle view-carousel wd-carousel-spacing-6 wd-carousel-container\" data-owl-carousel data-speed=\"800\" data-wrap=\"yes\" data-autoplay=\"yes\" data-hide_pagination_control=\"yes\" data-hide_prev_next_buttons=\"yes\" data-center_mode=\"yes\" data-desktop=\"8\" data-tablet_landscape=\"4\" data-tablet=\"3\" data-mobile=\"2\">\n\t\t\t<div class=\"gallery-images owl-carousel owl-items-lg-8 owl-items-md-4 owl-items-sm-3 owl-items-xs-2\">\n\t\t\t\t\t\t\t\t\t\t\t\t\t\t\t<div class=\"wd-gallery-item\">\n\t\t\t\t\t\t\t\n\t\t\t\t\t\t\t\t\t\t\t\t\t\t\t\t\t<img loading=\"lazy\" decoding=\"async\" class=\"wd-gallery-image image-1 \" src=\"https:\/\/learning.org.tr\/en\/wp-content\/uploads\/2021\/08\/ulusal_ajans_logo2-1-170x150-1.png\" width=\"170\" height=\"150\" alt=\"ulusal_ajans_logo2-1-170x150\" title=\"ulusal_ajans_logo2-1-170x150\" \/>\t\t\t\t\t\t\t\t\n\n\t\t\t\t\t\t\t\t\t\t\t\t\t\t<\/div>\n\t\t\t\t\t\t\t\t\t\t\t<div class=\"wd-gallery-item\">\n\t\t\t\t\t\t\t\n\t\t\t\t\t\t\t\t\t\t\t\t\t\t\t\t\t<img loading=\"lazy\" decoding=\"async\" class=\"wd-gallery-image image-2 \" src=\"https:\/\/learning.org.tr\/en\/wp-content\/uploads\/2021\/08\/erasmus-1-170x150-1.png\" width=\"170\" height=\"150\" alt=\"erasmus-1-170x150\" title=\"erasmus-1-170x150\" \/>\t\t\t\t\t\t\t\t\n\n\t\t\t\t\t\t\t\t\t\t\t\t\t\t<\/div>\n\t\t\t\t\t\t\t\t\t\t\t<div class=\"wd-gallery-item\">\n\t\t\t\t\t\t\t\n\t\t\t\t\t\t\t\t\t\t\t\t\t\t\t\t\t<img loading=\"lazy\" decoding=\"async\" class=\"wd-gallery-image image-3 \" src=\"https:\/\/learning.org.tr\/en\/wp-content\/uploads\/2021\/08\/ccoe-1-170x150-1.png\" width=\"170\" height=\"150\" alt=\"ccoe-1-170x150\" title=\"ccoe-1-170x150\" \/>\t\t\t\t\t\t\t\t\n\n\t\t\t\t\t\t\t\t\t\t\t\t\t\t<\/div>\n\t\t\t\t\t\t\t\t\t\t\t<div class=\"wd-gallery-item\">\n\t\t\t\t\t\t\t\n\t\t\t\t\t\t\t\t\t\t\t\t\t\t\t\t\t<img loading=\"lazy\" decoding=\"async\" class=\"wd-gallery-image image-4 \" src=\"https:\/\/learning.org.tr\/en\/wp-content\/uploads\/2021\/08\/insalhaklari.org_-150x150-1.png\" width=\"150\" height=\"150\" alt=\"insalhaklari.org_-150x150-1\" title=\"insalhaklari.org_-150x150-1\" \/>\t\t\t\t\t\t\t\t\n\n\t\t\t\t\t\t\t\t\t\t\t\t\t\t<\/div>\n\t\t\t\t\t\t\t\t\t\t\t\t<\/div>\n\t\t<\/div>\n\t\t\t\t[\/vc_column][\/vc_row]<\/p>\n","protected":false},"excerpt":{"rendered":"<p>[vc_row css=&#8221;.vc_custom_1629637560672{margin-bottom: 8vh !important;}&#8221; mobile_bg_img_hidden=&#8221;no&#8221; tablet_bg_img_hidden=&#8221;no&#8221; woodmart_parallax=&#8221;0&#8243; woodmart_gradient_switch=&#8221;no&#8221; row_reverse_mobile=&#8221;0&#8243; row_reverse_tablet=&#8221;0&#8243; woodmart_disable_overflow=&#8221;0&#8243;][vc_column offset=&#8221;vc_col-lg-offset-2 vc_col-lg-8 vc_col-md-offset-2 vc_col-md-8 vc_col-sm-offset-0&#8243; mobile_bg_img_hidden=&#8221;no&#8221; tablet_bg_img_hidden=&#8221;no&#8221; woodmart_parallax=&#8221;0&#8243; woodmart_sticky_column=&#8221;false&#8221;<\/p>\n","protected":false},"author":1,"featured_media":0,"parent":0,"menu_order":0,"comment_status":"closed","ping_status":"closed","template":"","meta":{"footnotes":""},"class_list":["post-7424","page","type-page","status-publish","hentry"],"_links":{"self":[{"href":"https:\/\/learning.org.tr\/en\/wp-json\/wp\/v2\/pages\/7424","targetHints":{"allow":["GET"]}}],"collection":[{"href":"https:\/\/learning.org.tr\/en\/wp-json\/wp\/v2\/pages"}],"about":[{"href":"https:\/\/learning.org.tr\/en\/wp-json\/wp\/v2\/types\/page"}],"author":[{"embeddable":true,"href":"https:\/\/learning.org.tr\/en\/wp-json\/wp\/v2\/users\/1"}],"replies":[{"embeddable":true,"href":"https:\/\/learning.org.tr\/en\/wp-json\/wp\/v2\/comments?post=7424"}],"version-history":[{"count":4,"href":"https:\/\/learning.org.tr\/en\/wp-json\/wp\/v2\/pages\/7424\/revisions"}],"predecessor-version":[{"id":7495,"href":"https:\/\/learning.org.tr\/en\/wp-json\/wp\/v2\/pages\/7424\/revisions\/7495"}],"wp:attachment":[{"href":"https:\/\/learning.org.tr\/en\/wp-json\/wp\/v2\/media?parent=7424"}],"curies":[{"name":"wp","href":"https:\/\/api.w.org\/{rel}","templated":true}]}}